{"id":1130,"date":"2020-12-09T13:14:06","date_gmt":"2020-12-09T13:14:06","guid":{"rendered":"https:\/\/ifihazdebrecen.hu\/?page_id=1130"},"modified":"2020-12-09T18:52:25","modified_gmt":"2020-12-09T18:52:25","slug":"adventi-vasar","status":"publish","type":"page","link":"https:\/\/ifihazdebrecen.hu\/?page_id=1130","title":{"rendered":"Online kar\u00e1csonyi v\u00e1s\u00e1r"},"content":{"rendered":"\t\t<div data-elementor-type=\"wp-page\" data-elementor-id=\"1130\" class=\"elementor elementor-1130\" data-elementor-settings=\"[]\">\n\t\t\t\t\t\t<div class=\"elementor-inner\">\n\t\t\t\t\t\t\t<div class=\"elementor-section-wrap\">\n\t\t\t\t\t\t\t<section class=\"elementor-section elementor-top-section elementor-element elementor-element-40690fb9 elementor-section-boxed elementor-section-height-default elementor-section-height-default\" data-id=\"40690fb9\" data-element_type=\"section\">\n\t\t\t\t\t\t<div class=\"elementor-container elementor-column-gap-default\">\n\t\t\t\t\t\t\t<div class=\"elementor-row\">\n\t\t\t\t\t<div class=\"elementor-column elementor-col-100 elementor-top-column elementor-element elementor-element-32004e48\" data-id=\"32004e48\" data-element_type=\"column\" id=\"adventivasar\">\n\t\t\t<div class=\"elementor-column-wrap elementor-element-populated\">\n\t\t\t\t\t\t\t<div class=\"elementor-widget-wrap\">\n\t\t\t\t\t\t<div class=\"elementor-element elementor-element-323af3a elementor-widget elementor-widget-text-editor\" data-id=\"323af3a\" data-element_type=\"widget\" data-widget_type=\"text-editor.default\">\n\t\t\t\t<div class=\"elementor-widget-container\">\n\t\t\t\t\t\t\t\t<div class=\"elementor-text-editor elementor-clearfix\">\n\t\t\t\t<p><span style=\"color: #000000;\">Sajnos fizikai val\u00f3j\u00e1ban elmaradnak a kar\u00e1csonyi v\u00e1s\u00e1rok, ami amellett, hogy az eg\u00e9sz k\u00f6z\u00f6ss\u00e9gnek egy nagy sz\u00edvf\u00e1jdalom, de k\u00fcl\u00f6n\u00f6sen az alkot\u00f3knak nagy \u00e9rv\u00e1g\u00e1s ez. Ebben szeretn\u00e9nk mi seg\u00edteni nekik. Megmutatjuk nektek az alkot\u00f3kat, akiknek kicsit megismeritek a munk\u00e1ss\u00e1g\u00e1t, term\u00e9keiket, \u00e9s a leir\u00e1sban megtal\u00e1lhatj\u00e1tok az el\u00e9rhet\u0151s\u00e9geiket, ahol megrendelhetitek az alkot\u00e1sokat. J\u00f3 n\u00e9zel\u0151d\u00e9st k\u00edv\u00e1nunk!<\/span><\/p>\t\t\t\t\t<\/div>\n\t\t\t\t\t\t<\/div>\n\t\t\t\t<\/div>\n\t\t\t\t<div class=\"elementor-element elementor-element-2a235953 elementor-widget elementor-widget-text-editor\" data-id=\"2a235953\" data-element_type=\"widget\" data-widget_type=\"text-editor.default\">\n\t\t\t\t<div class=\"elementor-widget-container\">\n\t\t\t\t\t\t\t\t<div class=\"elementor-text-editor elementor-clearfix\">\n\t\t\t\t<!-- wp:paragraph -->\n<p><style type='text\/css' media='all'>#rt-tpg-container-492693122 .rt-holder .rt-woo-info .price{color:#0a0000;}body .rt-tpg-container .rt-tpg-isotope-buttons .selected,\r\n\t\t\t\t\t#rt-tpg-container-492693122 .layout12 .rt-holder:hover .rt-detail,\r\n\t\t\t\t\t#rt-tpg-container-492693122 .isotope8 .rt-holder:hover .rt-detail,\r\n\t\t\t\t\t#rt-tpg-container-492693122 .carousel8 .rt-holder:hover .rt-detail,\r\n\t\t\t\t\t#rt-tpg-container-492693122 .layout13 .rt-holder .overlay .post-info,\r\n\t\t\t\t\t#rt-tpg-container-492693122 .isotope9 .rt-holder .overlay .post-info,\r\n\t\t\t\t\t#rt-tpg-container-492693122.rt-tpg-container .layout4 .rt-holder .rt-detail,\r\n\t\t\t\t\t.rt-modal-492693122 .md-content,\r\n\t\t\t\t\t.rt-modal-492693122 .md-content > .rt-md-content-holder .rt-md-content,\r\n\t\t\t\t\t.rt-popup-wrap-492693122.rt-popup-wrap .rt-popup-navigation-wrap,\r\n\t\t\t\t\t#rt-tpg-container-492693122 .carousel9 .rt-holder .overlay .post-info{background-color:#0a0000;}#rt-tpg-container-492693122 .layout5 .rt-holder .overlay, #rt-tpg-container-492693122 .isotope2 .rt-holder .overlay, #rt-tpg-container-492693122 .carousel2 .rt-holder .overlay,#rt-tpg-container-492693122 .layout15 .rt-holder h3, #rt-tpg-container-492693122 .isotope11 .rt-holder h3, #rt-tpg-container-492693122 .carousel11 .rt-holder h3, #rt-tpg-container-492693122 .layout16 .rt-holder h3,\r\n\t\t\t\t\t#rt-tpg-container-492693122 .isotope12 .rt-holder h3, #rt-tpg-container-492693122 .carousel12 .rt-holder h3 {background-color:rgba(10,0,0,0.8);}#rt-tpg-container-492693122 .read-more a{border-radius:px;}#rt-tpg-container-492693122 .rt-img-holder img.rt-img-responsive,#rt-tpg-container-492693122 .rt-img-holder,\r\n\t\t\t\t\t#rt-tpg-container-492693122 .rt-post-overlay .post-img,\r\n\t\t\t\t\t#rt-tpg-container-492693122 .post-sm .post-img,\r\n\t\t\t\t\t#rt-tpg-container-492693122 .rt-post-grid .post-img,\r\n\t\t\t\t\t#rt-tpg-container-492693122 .post-img img {border-radius:px;}#rt-tpg-container-492693122 .isotope1 .rt-holder h2.entry-title,\r\n\t\t\t\t\t#rt-tpg-container-492693122 .isotope1 .rt-holder h3.entry-title,\r\n\t\t\t\t\t#rt-tpg-container-492693122 .isotope1 .rt-holder h4.entry-title,\r\n\t\t\t\t\t#rt-tpg-container-492693122 .isotope1 .rt-holder h2.entry-title a,\r\n\t\t\t\t\t#rt-tpg-container-492693122 .isotope1 .rt-holder h3.entry-title a,\r\n\t\t\t\t\t#rt-tpg-container-492693122 .isotope1 .rt-holder h4.entry-title a,\r\n\t\t\t\t\t#rt-tpg-container-492693122 .rt-holder .rt-woo-info h2 a,\r\n\t\t\t\t\t#rt-tpg-container-492693122 .rt-holder .rt-woo-info h3 a,\r\n\t\t\t\t\t#rt-tpg-container-492693122 .rt-holder .rt-woo-info h4 a,\r\n\t\t\t\t\t#rt-tpg-container-492693122 .post-content .post-title,\r\n\t\t\t\t\t#rt-tpg-container-492693122 .rt-post-grid .post-title,\r\n\t\t\t\t\t#rt-tpg-container-492693122 .rt-post-grid .post-title a,\r\n\t\t\t\t\t#rt-tpg-container-492693122 .post-content .post-title a,\r\n\t\t\t\t\t#rt-tpg-container-492693122 .rt-holder .rt-woo-info h2,\r\n\t\t\t\t\t#rt-tpg-container-492693122 .rt-holder .rt-woo-info h3,\r\n\t\t\t\t\t#rt-tpg-container-492693122 .rt-holder .rt-woo-info h4{color:#0a0a0a;}<\/style><div class='rt-container-fluid rt-tpg-container tpg-shortcode-main-wrapper ' id='rt-tpg-container-492693122'   data-layout='isotope1' data-grid-style='even' data-desktop-col='2'  data-tab-col='2'  data-mobile-col='1' data-sc-id='1129'><div data-title='Loading ...' class='rt-row rt-content-loader   isotope1 tpg-pre-loader'><p>No post found<\/p><\/div><\/div><\/p>\n<!-- \/wp:paragraph -->\t\t\t\t\t<\/div>\n\t\t\t\t\t\t<\/div>\n\t\t\t\t<\/div>\n\t\t\t\t\t\t<\/div>\n\t\t\t\t\t<\/div>\n\t\t<\/div>\n\t\t\t\t\t\t\t\t<\/div>\n\t\t\t\t\t<\/div>\n\t\t<\/section>\n\t\t\t\t\t\t<\/div>\n\t\t\t\t\t\t<\/div>\n\t\t\t\t\t<\/div>\n\t\t","protected":false},"excerpt":{"rendered":"<p>Sajnos fizikai val\u00f3j\u00e1ban elmaradnak a kar\u00e1csonyi v\u00e1s\u00e1rok, ami amellett, hogy az eg\u00e9sz k\u00f6z\u00f6ss\u00e9gnek egy nagy sz\u00edvf\u00e1jdalom, de k\u00fcl\u00f6n\u00f6sen az alkot\u00f3knak nagy \u00e9rv\u00e1g\u00e1s ez. Ebben szeretn\u00e9nk mi seg\u00edteni nekik. Megmutatjuk nektek [&hellip;]<\/p>\n","protected":false},"author":1,"featured_media":0,"parent":0,"menu_order":0,"comment_status":"closed","ping_status":"closed","template":"","meta":[],"rttpg_featured_image_url":null,"rttpg_author":{"display_name":"GergelyZsolt","author_link":"https:\/\/ifihazdebrecen.hu\/?author=1"},"rttpg_comment":0,"rttpg_category":null,"rttpg_excerpt":"Sajnos fizikai val\u00f3j\u00e1ban elmaradnak a kar\u00e1csonyi v\u00e1s\u00e1rok, ami amellett, hogy az eg\u00e9sz k\u00f6z\u00f6ss\u00e9gnek egy nagy sz\u00edvf\u00e1jdalom, de k\u00fcl\u00f6n\u00f6sen az alkot\u00f3knak nagy \u00e9rv\u00e1g\u00e1s ez. Ebben szeretn\u00e9nk mi seg\u00edteni nekik. Megmutatjuk nektek [&hellip;]","_links":{"self":[{"href":"https:\/\/ifihazdebrecen.hu\/index.php?rest_route=\/wp\/v2\/pages\/1130"}],"collection":[{"href":"https:\/\/ifihazdebrecen.hu\/index.php?rest_route=\/wp\/v2\/pages"}],"about":[{"href":"https:\/\/ifihazdebrecen.hu\/index.php?rest_route=\/wp\/v2\/types\/page"}],"author":[{"embeddable":true,"href":"https:\/\/ifihazdebrecen.hu\/index.php?rest_route=\/wp\/v2\/users\/1"}],"replies":[{"embeddable":true,"href":"https:\/\/ifihazdebrecen.hu\/index.php?rest_route=%2Fwp%2Fv2%2Fcomments&post=1130"}],"version-history":[{"count":5,"href":"https:\/\/ifihazdebrecen.hu\/index.php?rest_route=\/wp\/v2\/pages\/1130\/revisions"}],"predecessor-version":[{"id":1223,"href":"https:\/\/ifihazdebrecen.hu\/index.php?rest_route=\/wp\/v2\/pages\/1130\/revisions\/1223"}],"wp:attachment":[{"href":"https:\/\/ifihazdebrecen.hu\/index.php?rest_route=%2Fwp%2Fv2%2Fmedia&parent=1130"}],"curies":[{"name":"wp","href":"https:\/\/api.w.org\/{rel}","templated":true}]}}