{"id":123,"date":"2018-01-04T09:27:08","date_gmt":"2018-01-04T09:27:08","guid":{"rendered":"http:\/\/ifihazteszt.psprodukt.hu\/?page_id=123"},"modified":"2023-03-09T18:23:01","modified_gmt":"2023-03-09T18:23:01","slug":"esemenyek","status":"publish","type":"page","link":"https:\/\/ifihazdebrecen.hu\/?page_id=123","title":{"rendered":"Esem\u00e9nyek"},"content":{"rendered":"\n\n\n<div  class=\"tribe-compatibility-container\" >\n\t<div\n\t\t class=\"tribe-common tribe-events tribe-events-view tribe-events-view--widget-events-list tribe-events-widget\" \t\tdata-js=\"tribe-events-view\"\n\t\tdata-view-rest-nonce=\"2f474f7a37\"\n\t\tdata-view-rest-url=\"https:\/\/ifihazdebrecen.hu\/index.php?rest_route=\/tribe\/views\/v2\/html\"\n\t\tdata-view-manage-url=\"1\"\n\t\t\t\t\t\t\tdata-view-breakpoint-pointer=\"5b322a05-0137-432f-9227-6a6931a80998\"\n\t\t\t>\n\t\t<div class=\"tribe-events-widget-events-list\">\n\n\t\t\t\n\t\t\t<script data-js=\"tribe-events-view-data\" type=\"application\/json\">\n\t{\"slug\":\"widget-events-list\",\"prev_url\":\"\",\"next_url\":\"\",\"view_class\":\"Tribe\\\\Events\\\\Views\\\\V2\\\\Views\\\\Widgets\\\\Widget_List_View\",\"view_slug\":\"widget-events-list\",\"view_label\":\"View\",\"view\":null,\"should_manage_url\":true,\"id\":null,\"alias-slugs\":null,\"title\":\"K\\u00f6vetkez\\u0151 Esem\\u00e9nyek \\u2013 Ifj\\u00fas\\u00e1gi H\\u00e1z Debrecen\",\"limit\":\"5\",\"no_upcoming_events\":false,\"featured_events_only\":false,\"jsonld_enable\":true,\"tribe_is_list_widget\":false,\"admin_fields\":{\"title\":{\"label\":\"C\\u00edm: \",\"type\":\"text\",\"classes\":\"\",\"dependency\":\"\",\"id\":\"widget-tribe-widget-events-list--1-title\",\"name\":\"widget-tribe-widget-events-list[-1][title]\",\"options\":[],\"placeholder\":\"\",\"value\":null},\"limit\":{\"label\":\"Esem\\u00e9nyek sz\\u00e1ma:\",\"type\":\"number\",\"default\":5,\"min\":1,\"max\":10,\"step\":1,\"classes\":\"\",\"dependency\":\"\",\"id\":\"widget-tribe-widget-events-list--1-limit\",\"name\":\"widget-tribe-widget-events-list[-1][limit]\",\"options\":[],\"placeholder\":\"\",\"value\":null},\"no_upcoming_events\":{\"label\":\"Widget elrejt\\u00e9se, ha nincsenek j\\u00f6v\\u0151beli esem\\u00e9nyek.\",\"type\":\"checkbox\",\"classes\":\"\",\"dependency\":\"\",\"id\":\"widget-tribe-widget-events-list--1-no_upcoming_events\",\"name\":\"widget-tribe-widget-events-list[-1][no_upcoming_events]\",\"options\":[],\"placeholder\":\"\",\"value\":null},\"featured_events_only\":{\"label\":\"Limit to featured events only\",\"type\":\"checkbox\",\"classes\":\"\",\"dependency\":\"\",\"id\":\"widget-tribe-widget-events-list--1-featured_events_only\",\"name\":\"widget-tribe-widget-events-list[-1][featured_events_only]\",\"options\":[],\"placeholder\":\"\",\"value\":null},\"jsonld_enable\":{\"label\":\"JSON-LD adatok gener\\u00e1l\\u00e1sa\",\"type\":\"checkbox\",\"classes\":\"\",\"dependency\":\"\",\"id\":\"widget-tribe-widget-events-list--1-jsonld_enable\",\"name\":\"widget-tribe-widget-events-list[-1][jsonld_enable]\",\"options\":[],\"placeholder\":\"\",\"value\":null}},\"events\":[],\"url\":\"https:\\\/\\\/ifihazdebrecen.hu\\\/?post_type=tribe_events&eventDisplay=widget-events-list\",\"url_event_date\":false,\"bar\":{\"keyword\":\"\",\"date\":\"\"},\"today\":\"2026-04-19 00:00:00\",\"now\":\"2026-04-19 02:37:18\",\"rest_url\":\"https:\\\/\\\/ifihazdebrecen.hu\\\/index.php?rest_route=\\\/tribe\\\/views\\\/v2\\\/html\",\"rest_method\":\"POST\",\"rest_nonce\":\"2f474f7a37\",\"today_url\":\"https:\\\/\\\/ifihazdebrecen.hu\\\/?post_type=tribe_events&eventDisplay=widget-events-list&rest_route=%2Fwp%2Fv2%2Fpages%2F123\",\"today_title\":\"Click to select today's date\",\"today_label\":\"Today\",\"prev_label\":\"\",\"next_label\":\"\",\"date_formats\":{\"compact\":\"Y-m-d\",\"month_and_year_compact\":\"Y-m\",\"month_and_year\":\"Y F\",\"time_range_separator\":\" - \",\"date_time_separator\":\" @ \"},\"messages\":{\"notice\":[\"Nincsenek j\\u00f6v\\u0151beni esem\\u00e9nyek.\"]},\"start_of_week\":\"1\",\"breadcrumbs\":[],\"before_events\":\"\",\"after_events\":\"\\n<!--\\nEz a napt\\u00e1r a The Events Calendar b\\u0151v\\u00edtm\\u00e9nnyel k\\u00e9sz\\u00fclt.\\nhttp:\\\/\\\/evnt.is\\\/18wn\\n-->\\n\",\"display_events_bar\":false,\"disable_event_search\":true,\"live_refresh\":false,\"ical\":{\"display_link\":true,\"link\":{\"url\":\"https:\\\/\\\/ifihazdebrecen.hu\\\/?post_type=tribe_events&#038;eventDisplay=widget-events-list&#038;ical=1\",\"text\":\"Esem\\u00e9nyek export\\u00e1l\\u00e1sa\",\"title\":\"Haszn\\u00e1ld ezt a napt\\u00e1r adatainak megoszt\\u00e1s\\u00e1hoz az Apple iCal, Google Napt\\u00e1r vagy egy\\u00e9b kampatibilis alkalmaz\\u00e1sokkal\"}},\"container_classes\":[\"tribe-common\",\"tribe-events\",\"tribe-events-view\",\"tribe-events-view--widget-events-list\",\"tribe-events-widget\"],\"container_data\":[],\"is_past\":false,\"breakpoints\":{\"xsmall\":500,\"medium\":768,\"full\":960},\"breakpoint_pointer\":\"5b322a05-0137-432f-9227-6a6931a80998\",\"is_initial_load\":false,\"public_views\":{\"list\":{\"view_class\":\"Tribe\\\\Events\\\\Views\\\\V2\\\\Views\\\\List_View\",\"view_url\":\"https:\\\/\\\/ifihazdebrecen.hu\\\/?post_type=tribe_events&eventDisplay=list\",\"view_label\":\"List\"},\"month\":{\"view_class\":\"Tribe\\\\Events\\\\Views\\\\V2\\\\Views\\\\Month_View\",\"view_url\":\"https:\\\/\\\/ifihazdebrecen.hu\\\/?post_type=tribe_events&eventDisplay=month\",\"view_label\":\"Month\"}},\"show_latest_past\":false,\"compatibility_classes\":[\"tribe-compatibility-container\"],\"view_more_text\":\"Napt\\u00e1r megtekint\\u00e9se\",\"view_more_title\":\"Tov\\u00e1bbi esem\\u00e9nyek\",\"view_more_link\":\"https:\\\/\\\/ifihazdebrecen.hu\",\"widget_title\":\"K\\u00f6zelg\\u0151 esem\\u00e9nyek\",\"hide_if_no_upcoming_events\":false,\"display\":[],\"subscribe_links\":{\"gcal\":{\"label\":\"Google Calendar\",\"single_label\":\"Add to Google Calendar\",\"visible\":true,\"block_slug\":\"hasGoogleCalendar\"},\"ical\":{\"label\":\"iCalendar\",\"single_label\":\"Add to iCalendar\",\"visible\":true,\"block_slug\":\"hasiCal\"},\"outlook-365\":{\"label\":\"Outlook 365\",\"single_label\":\"Outlook 365\",\"visible\":true,\"block_slug\":\"hasOutlook365\"},\"outlook-live\":{\"label\":\"Outlook Live\",\"single_label\":\"Outlook Live\",\"visible\":true,\"block_slug\":\"hasOutlookLive\"},\"ics\":{\"label\":\"Export .ics file\",\"single_label\":\"Export .ics file\",\"visible\":true,\"block_slug\":null},\"outlook-ics\":{\"label\":\"Export Outlook .ics file\",\"single_label\":\"Export Outlook .ics file\",\"visible\":true,\"block_slug\":null}},\"_context\":{\"slug\":\"widget-events-list\"}}<\/script>\n\n\t\t\t\t\t\t\t<header class=\"tribe-events-widget-events-list__header\">\n\t\t\t\t\t<h2 class=\"tribe-events-widget-events-list__header-title tribe-common-h6 tribe-common-h--alt\">\n\t\t\t\t\t\tK\u00f6zelg\u0151 esem\u00e9nyek\t\t\t\t\t<\/h2>\n\t\t\t\t<\/header>\n\t\t\t\n\t\t\t\n\t\t\t\t<div  class=\"tribe-events-header__messages tribe-events-c-messages tribe-common-b2\"  >\n\t\t\t<div class=\"tribe-events-c-messages__message tribe-events-c-messages__message--notice\" role=\"alert\">\n\t\t\t<svg  class=\"tribe-common-c-svgicon tribe-common-c-svgicon--messages-not-found tribe-events-c-messages__message-icon-svg\"  viewBox=\"0 0 21 23\" xmlns=\"http:\/\/www.w3.org\/2000\/svg\"><g fill-rule=\"evenodd\"><path d=\"M.5 2.5h20v20H.5z\"\/><path stroke-linecap=\"round\" d=\"M7.583 11.583l5.834 5.834m0-5.834l-5.834 5.834\" class=\"tribe-common-c-svgicon__svg-stroke\"\/><path stroke-linecap=\"round\" d=\"M4.5.5v4m12-4v4\"\/><path stroke-linecap=\"square\" d=\"M.5 7.5h20\"\/><\/g><\/svg>\n\t\t\t<ul class=\"tribe-events-c-messages__message-list\">\n\t\t\t\t\t\t\t\t\t<li\n\t\t\t\t\t\tclass=\"tribe-events-c-messages__message-list-item\"\n\t\t\t\t\t\t data-key=\"0\" \t\t\t\t\t>\n\t\t\t\t\tNincsenek j\u00f6v\u0151beni esem\u00e9nyek.\t\t\t\t\t<\/li>\n\t\t\t\t\t\t\t<\/ul>\n\t\t<\/div>\n\t<\/div>\n\n\t\t\t\t\t<\/div>\n\t<\/div>\n<\/div>\n\n","protected":false},"excerpt":{"rendered":"","protected":false},"author":1,"featured_media":0,"parent":0,"menu_order":0,"comment_status":"closed","ping_status":"closed","template":"","meta":[],"rttpg_featured_image_url":null,"rttpg_author":{"display_name":"GergelyZsolt","author_link":"https:\/\/ifihazdebrecen.hu\/?author=1"},"rttpg_comment":0,"rttpg_category":null,"rttpg_excerpt":null,"_links":{"self":[{"href":"https:\/\/ifihazdebrecen.hu\/index.php?rest_route=\/wp\/v2\/pages\/123"}],"collection":[{"href":"https:\/\/ifihazdebrecen.hu\/index.php?rest_route=\/wp\/v2\/pages"}],"about":[{"href":"https:\/\/ifihazdebrecen.hu\/index.php?rest_route=\/wp\/v2\/types\/page"}],"author":[{"embeddable":true,"href":"https:\/\/ifihazdebrecen.hu\/index.php?rest_route=\/wp\/v2\/users\/1"}],"replies":[{"embeddable":true,"href":"https:\/\/ifihazdebrecen.hu\/index.php?rest_route=%2Fwp%2Fv2%2Fcomments&post=123"}],"version-history":[{"count":15,"href":"https:\/\/ifihazdebrecen.hu\/index.php?rest_route=\/wp\/v2\/pages\/123\/revisions"}],"predecessor-version":[{"id":1252,"href":"https:\/\/ifihazdebrecen.hu\/index.php?rest_route=\/wp\/v2\/pages\/123\/revisions\/1252"}],"wp:attachment":[{"href":"https:\/\/ifihazdebrecen.hu\/index.php?rest_route=%2Fwp%2Fv2%2Fmedia&parent=123"}],"curies":[{"name":"wp","href":"https:\/\/api.w.org\/{rel}","templated":true}]}}