{"id":1271,"date":"2023-07-02T13:24:01","date_gmt":"2023-07-02T13:24:01","guid":{"rendered":"https:\/\/ifihazdebrecen.hu\/?page_id=1271"},"modified":"2023-07-02T13:30:36","modified_gmt":"2023-07-02T13:30:36","slug":"2020-as-beszamolo","status":"publish","type":"page","link":"https:\/\/ifihazdebrecen.hu\/?page_id=1271","title":{"rendered":"2020-as besz\u00e1mol\u00f3 \u00e9s k\u00f6zhaszn\u00fas\u00e1gi jelent\u00e9s"},"content":{"rendered":"\n<ul><li><strong><a href=\"https:\/\/ifihazdebrecen.hu\/wp-content\/uploads\/2023\/07\/2020.-evi-szakmai-beszamolo.pdf\" data-type=\"URL\" data-id=\"https:\/\/ifihazdebrecen.hu\/wp-content\/uploads\/2023\/07\/2020.-evi-szakmai-beszamolo.pdf\" target=\"_blank\" rel=\"noreferrer noopener\">2020.-evi-szakmai-beszamolo<\/a><\/strong><\/li><li><strong><a href=\"https:\/\/ifihazdebrecen.hu\/wp-content\/uploads\/2023\/07\/2020.-evi-DEMKI-eves-beszamolo.pdf\" data-type=\"URL\" data-id=\"https:\/\/ifihazdebrecen.hu\/wp-content\/uploads\/2023\/07\/2020.-evi-DEMKI-eves-beszamolo.pdf\" target=\"_blank\" rel=\"noreferrer noopener\">2020.-evi-DEMKI-eves-beszamolo<\/a><\/strong><\/li><li><strong><a href=\"https:\/\/ifihazdebrecen.hu\/wp-content\/uploads\/2023\/07\/2020.-evi-kiegeszito-melleklet.pdf\" data-type=\"URL\" data-id=\"https:\/\/ifihazdebrecen.hu\/wp-content\/uploads\/2023\/07\/2020.-evi-kiegeszito-melleklet.pdf\" target=\"_blank\" rel=\"noreferrer noopener\">2020.-evi-kiegeszito-melleklet<\/a><\/strong><\/li><li><strong><a href=\"https:\/\/ifihazdebrecen.hu\/wp-content\/uploads\/2023\/07\/2020.-evi-konyvvizsgoi-jelentes.pdf\" data-type=\"URL\" data-id=\"https:\/\/ifihazdebrecen.hu\/wp-content\/uploads\/2023\/07\/2020.-evi-konyvvizsgoi-jelentes.pdf\" target=\"_blank\" rel=\"noreferrer noopener\">2020.-evi-konyvvizsgoi-jelentes<\/a><\/strong><\/li><li><strong><a href=\"https:\/\/ifihazdebrecen.hu\/wp-content\/uploads\/2023\/07\/2020.-evi-kozhasznusagi-jelentes.pdf\" data-type=\"URL\" data-id=\"https:\/\/ifihazdebrecen.hu\/wp-content\/uploads\/2023\/07\/2020.-evi-kozhasznusagi-jelentes.pdf\" target=\"_blank\" rel=\"noreferrer noopener\">2020.-evi-kozhasznusagi-jelentes<\/a><\/strong><\/li><li><strong><a href=\"https:\/\/ifihazdebrecen.hu\/wp-content\/uploads\/2023\/07\/2020.-evi-uzleti-jelentes.pdf\" data-type=\"URL\" data-id=\"https:\/\/ifihazdebrecen.hu\/wp-content\/uploads\/2023\/07\/2020.-evi-uzleti-jelentes.pdf\" target=\"_blank\" rel=\"noreferrer noopener\">2020.-evi-uzleti-jelentes<\/a><\/strong><\/li><\/ul>\n\n\n\n<p><\/p>\n","protected":false},"excerpt":{"rendered":"<p>2020.-evi-szakmai-beszamolo 2020.-evi-DEMKI-eves-beszamolo 2020.-evi-kiegeszito-melleklet 2020.-evi-konyvvizsgoi-jelentes 2020.-evi-kozhasznusagi-jelentes 2020.-evi-uzleti-jelentes<\/p>\n","protected":false},"author":1,"featured_media":0,"parent":0,"menu_order":0,"comment_status":"closed","ping_status":"closed","template":"","meta":[],"rttpg_featured_image_url":null,"rttpg_author":{"display_name":"GergelyZsolt","author_link":"https:\/\/ifihazdebrecen.hu\/?author=1"},"rttpg_comment":0,"rttpg_category":null,"rttpg_excerpt":"2020.-evi-szakmai-beszamolo 2020.-evi-DEMKI-eves-beszamolo 2020.-evi-kiegeszito-melleklet 2020.-evi-konyvvizsgoi-jelentes 2020.-evi-kozhasznusagi-jelentes 2020.-evi-uzleti-jelentes","_links":{"self":[{"href":"https:\/\/ifihazdebrecen.hu\/index.php?rest_route=\/wp\/v2\/pages\/1271"}],"collection":[{"href":"https:\/\/ifihazdebrecen.hu\/index.php?rest_route=\/wp\/v2\/pages"}],"about":[{"href":"https:\/\/ifihazdebrecen.hu\/index.php?rest_route=\/wp\/v2\/types\/page"}],"author":[{"embeddable":true,"href":"https:\/\/ifihazdebrecen.hu\/index.php?rest_route=\/wp\/v2\/users\/1"}],"replies":[{"embeddable":true,"href":"https:\/\/ifihazdebrecen.hu\/index.php?rest_route=%2Fwp%2Fv2%2Fcomments&post=1271"}],"version-history":[{"count":3,"href":"https:\/\/ifihazdebrecen.hu\/index.php?rest_route=\/wp\/v2\/pages\/1271\/revisions"}],"predecessor-version":[{"id":1284,"href":"https:\/\/ifihazdebrecen.hu\/index.php?rest_route=\/wp\/v2\/pages\/1271\/revisions\/1284"}],"wp:attachment":[{"href":"https:\/\/ifihazdebrecen.hu\/index.php?rest_route=%2Fwp%2Fv2%2Fmedia&parent=1271"}],"curies":[{"name":"wp","href":"https:\/\/api.w.org\/{rel}","templated":true}]}}