{"id":16,"date":"2017-11-07T13:03:59","date_gmt":"2017-11-07T13:03:59","guid":{"rendered":"http:\/\/clld-debrecen.hu\/teszt\/?page_id=16"},"modified":"2023-11-03T09:52:57","modified_gmt":"2023-11-03T09:52:57","slug":"bemutatkozas","status":"publish","type":"page","link":"https:\/\/ifihazdebrecen.hu\/?page_id=16","title":{"rendered":"Teremb\u00e9rl\u00e9s"},"content":{"rendered":"<h1 style=\"text-align: center;\">B\u00e9relhet\u0151 helyis\u00e9geink<\/h1>\n<p>Ez az oldal m\u00e1r arch\u00edv. Teremb\u00e9rl\u00e9sr\u0151l a k\u00f6vetkez\u0151 oldalon tud t\u00e1j\u00e9koz\u00f3dni: https:\/\/demki.hu\/teremberles\/<\/p>\n<p style=\"text-align: justify;\">\n","protected":false},"excerpt":{"rendered":"<p>B\u00e9relhet\u0151 helyis\u00e9geink Ez az oldal m\u00e1r arch\u00edv. Teremb\u00e9rl\u00e9sr\u0151l a k\u00f6vetkez\u0151 oldalon tud t\u00e1j\u00e9koz\u00f3dni: https:\/\/demki.hu\/teremberles\/<\/p>\n","protected":false},"author":1,"featured_media":0,"parent":0,"menu_order":0,"comment_status":"closed","ping_status":"closed","template":"bemutatkozas.php","meta":[],"rttpg_featured_image_url":null,"rttpg_author":{"display_name":"GergelyZsolt","author_link":"https:\/\/ifihazdebrecen.hu\/?author=1"},"rttpg_comment":0,"rttpg_category":null,"rttpg_excerpt":"B\u00e9relhet\u0151 helyis\u00e9geink Ez az oldal m\u00e1r arch\u00edv. Teremb\u00e9rl\u00e9sr\u0151l a k\u00f6vetkez\u0151 oldalon tud t\u00e1j\u00e9koz\u00f3dni: https:\/\/demki.hu\/teremberles\/","_links":{"self":[{"href":"https:\/\/ifihazdebrecen.hu\/index.php?rest_route=\/wp\/v2\/pages\/16"}],"collection":[{"href":"https:\/\/ifihazdebrecen.hu\/index.php?rest_route=\/wp\/v2\/pages"}],"about":[{"href":"https:\/\/ifihazdebrecen.hu\/index.php?rest_route=\/wp\/v2\/types\/page"}],"author":[{"embeddable":true,"href":"https:\/\/ifihazdebrecen.hu\/index.php?rest_route=\/wp\/v2\/users\/1"}],"replies":[{"embeddable":true,"href":"https:\/\/ifihazdebrecen.hu\/index.php?rest_route=%2Fwp%2Fv2%2Fcomments&post=16"}],"version-history":[{"count":26,"href":"https:\/\/ifihazdebrecen.hu\/index.php?rest_route=\/wp\/v2\/pages\/16\/revisions"}],"predecessor-version":[{"id":1303,"href":"https:\/\/ifihazdebrecen.hu\/index.php?rest_route=\/wp\/v2\/pages\/16\/revisions\/1303"}],"wp:attachment":[{"href":"https:\/\/ifihazdebrecen.hu\/index.php?rest_route=%2Fwp%2Fv2%2Fmedia&parent=16"}],"curies":[{"name":"wp","href":"https:\/\/api.w.org\/{rel}","templated":true}]}}