{"id":18,"date":"2017-11-07T13:10:57","date_gmt":"2017-11-07T13:10:57","guid":{"rendered":"http:\/\/clld-debrecen.hu\/teszt\/?page_id=18"},"modified":"2018-09-24T13:33:39","modified_gmt":"2018-09-24T13:33:39","slug":"dfsdfdsf","status":"publish","type":"page","link":"https:\/\/ifihazdebrecen.hu\/?page_id=18","title":{"rendered":"Csoportok"},"content":{"rendered":"<p>H\u00e9tf\u0151t\u0151l vas\u00e1rnapig a kora d\u00e9lut\u00e1ni \u00e9s az esti \u00f3r\u00e1kt\u00f3l fix id\u0151pontokban t\u00f6bb egyes\u00fclet, csoport, k\u00f6z\u00f6ss\u00e9g haszn\u00e1lja tev\u00e9kenys\u00e9geire a termeinket. 87 csoport veszi ig\u00e9nybe k\u00fcl\u00f6n meg\u00e1llapod\u00e1s alapj\u00e1n az Ifj\u00fas\u00e1gi H\u00e1z bels\u0151 tereit el\u0151re egyeztetett, rendszeres id\u0151pontokban a legk\u00fcl\u00f6nf\u00e9l\u00e9bb c\u00e9lra, tev\u00e9kenys\u00e9gre, \u00edgy t\u00e1nccsoportok (hip-hop, break, modern,) \u00e9letm\u00f3dcsoportok, sz\u00ednj\u00e1tsz\u00f3 \u00e9s t\u00e1rsasj\u00e1t\u00e9kklub, tanfolyamok, foglalkoz\u00e1sok, hobbiklubok veszik birtokba h\u00e9tr\u0151l h\u00e9tre.<\/p>\n<p>Az Ifj\u00fas\u00e1gi H\u00e1zban rendszeresen foglalkoz\u00e1sokat, \u00f6sszej\u00f6veteleket tart\u00f3 egyes\u00fcletek, k\u00f6z\u00f6ss\u00e9gek a k\u00f6vetkez\u0151k:<\/p>\n<h4>Partnerszervezetek:<\/h4>\n<p><a href=\"http:\/\/ifihazdebrecen.hu\/?page_id=246\">Csom\u00f3pont Drogprevenci\u00f3s Iroda<\/a><\/p>\n<div class=\"two_columns_l\">CIC &#8211; Civil Inform\u00e1ci\u00f3s Centrum<br \/>\nOKIDE \u2013 Orsz\u00e1gos Kid Egyes\u00fclet<br \/>\n\u00daj Nemzed\u00e9k Kontaktpont<br \/>\nM\u00e1s-Mozaik Szociokultur\u00e1lis Egyes\u00fclet: Rock Suli<br \/>\nInfo-Di\u00e1k Iskolasz\u00f6vetkezet<br \/>\nAFS &#8211; Nemzetk\u00f6zi Csereprogram Alap\u00edtv\u00e1ny<br \/>\nKarik\u00e1s Egyes\u00fclet<br \/>\nBajnok Sakkiskola Sport Egyes\u00fclet<\/div>\n<div class=\"two_columns_r\">Holnapom Egyes\u00fclet<br \/>\nSheldon\u2019s B\u00e1r<br \/>\nCivilek az Akt\u00edv Fiatalok\u00e9rt Egyes\u00fclet<br \/>\nCsal\u00e1d, Es\u00e9lyteremt\u00e9si \u00e9s \u00d6nk\u00e9ntes H\u00e1z<br \/>\nFeh\u00e9rbot alap\u00edtv\u00e1ny<br \/>\nTempus K\u00f6zalap\u00edtv\u00e1ny<br \/>\nEr\u0151forr\u00e1s Alap\u00edtv\u00e1ny<\/div>\n<div style=\"clear: both;\"><\/div>\n<h4>\u00d6ntev\u00e9keny csoportok:<\/h4>\n<div class=\"two_columns_l\">L\u00e1ngol\u00f3 csig\u00e1k &#8211; t\u0171zzsongl\u0151r\u00f6k<br \/>\nKontra Csoport \u2013\u00f6nk\u00e9ntes ker\u00e9kp\u00e1rm\u0171hely<br \/>\nT\u00e1rsasj\u00e1t\u00e9k klub<br \/>\nRotaract<br \/>\nAya t\u00e1nccsoport<br \/>\nK-pop vil\u00e1ga csapat (koreai kult\u00fara)<br \/>\nBlack Xs t\u00e1nccsoport<br \/>\nEvolution of east break t\u00e1nccsoport<br \/>\nPadmini India t\u00e1nccsoport<br \/>\nRingat\u00f3 (baba-mama foglalkoz\u00e1sok)<br \/>\nVak Sikk T\u00e1nccsoport<br \/>\nDebreceni Egyetemi Atl\u00e9tikai Club &#8211; Szektorlabda klub<br \/>\nZumbaKriszti Sportegyes\u00fclet<br \/>\nSilver Mazsorett Csoport<br \/>\nMel\u00f3dia Ifj\u00fas\u00e1gi F\u00fav\u00f3szenekar<br \/>\nPilates Klub<br \/>\nJ\u00f3ga Klub<br \/>\nEur\u00f3pai Hallgat\u00f3k Debreceni Egyes\u00fclete<\/div>\n<div class=\"two_columns_r\">Latin t\u00e1nccsoport<br \/>\nJEDESZE j\u00f3ga klub<br \/>\nNegyedik m\u0171szak zenekar<br \/>\nVan Gogh F\u00fcle Alternat\u00edv Sz\u00ednh\u00e1zi T\u00e1rsulat<br \/>\nKar\u00e1dy Katalint Kedvel\u0151k Klubja<br \/>\nEverest Mozg\u00e1skorl\u00e1tozottak csoportja<br \/>\nAFS \u2013 Nemzetk\u00f6zi Csereprogram Alap\u00edtv\u00e1ny<br \/>\nDebreczeni Arany-keresztes Lovagok Egyes\u00fclete<br \/>\nBajnok Sakkiskola Sport Egyes\u00fclet<br \/>\nDilemma Dr\u00e1masz\u00ednpad<br \/>\nP\u00e1rbesz\u00e9d Est<br \/>\nAngol nyelvi T\u00e1rsalg\u00e1si Klub<br \/>\nMustang Country Club<br \/>\nPiktortanoda<br \/>\nSilver Majorette<br \/>\nCactus Country Club<br \/>\nHappy Time t\u00e1nccsoport<\/div>\n<div style=\"clear: both;\"><\/div>\n<h4>Egy\u00fcttm\u0171k\u00f6d\u0151 partnereink:<\/h4>\n<div class=\"two_columns_l\">K\u00e1b\u00edt\u00f3szer\u00fcgyi Egyeztet\u0151 F\u00f3rum<br \/>\nForr\u00e1s Lelki Seg\u00edt\u0151k Egyes\u00fclete<br \/>\nDebreceni Orvostanhallgat\u00f3k Egyes\u00fclete (Teddy Maci k\u00f3rh\u00e1z)<br \/>\nMosolyvir\u00e1g Nagycsal\u00e1dosok Debreceni Egyes\u00fclete<br \/>\nDebreceni Rem\u00e9nysug\u00e1r Gyermekotthon<br \/>\nT\u00f6rk\u00f6ly Zenekar<br \/>\nHajd\u00fas\u00e1gi Hallgat\u00f3k\u00e9rt \u00e9s Civilek\u00e9rt Egyes\u00fclet<br \/>\nHajd\u00fa-Bihar Megyei Rend\u0151r &#8211; F\u0151kapit\u00e1nys\u00e1g<br \/>\nDebreceni \u00cdt\u00e9l\u0151t\u00e1bla \u2013 szerz\u0151d\u00f6tt partner<br \/>\nDebreceni T\u00f6rv\u00e9nysz\u00e9k \u2013 szerz\u0151d\u00f6tt partner<br \/>\nHajd\u00fa-Bihar Megyei H\u00e1tr\u00e1nyos Helyzet\u0171ek Egyes\u00fclete<br \/>\nCsokonai Nemzeti Sz\u00ednh\u00e1z<br \/>\nVojtina B\u00e1bsz\u00ednh\u00e1z<br \/>\nAlf\u00f6ld Sz\u00ednpad<br \/>\nZenetheatrum SziniTanoda \u00e9s Musical Sz\u00ednh\u00e1z<br \/>\n\u00c9rmell\u00e9ki Egyes\u00fclet<\/div>\n<div class=\"two_columns_r\">Medgyessy Ferenc Gimn\u00e1zium<br \/>\nDebreceni Ady Endre Gimn\u00e1zium<br \/>\nBakos Szilvia Gafika iskola<br \/>\nFeeling T\u00e1nc \u00e9s Mazsorett Egyes\u00fclet<br \/>\nHappy Time (t\u00e1nccsoport)<br \/>\nDebreceni Anime Egyes\u00fclet<br \/>\nDebreceni Koreai Kultur\u00e1lis Egylet<br \/>\nS\u00e1rk\u00e1nyl\u00e1nyok T\u0171zzsongl\u0151r Csapat<br \/>\nFeh\u00e9rl\u00f3fia Hagyom\u00e1ny\u0151rz\u0151 Egyes\u00fclet<br \/>\nDerecskei Sziv\u00e1rv\u00e1ny N\u00e9pt\u00e1ncegy\u00fcttes<br \/>\nBe Strong Kondipark<br \/>\nHal\u00e1pon a Gyermekek\u00e9rt K\u00f6zhaszn\u00fa Egyes\u00fclet<br \/>\nDebreceni Szakk\u00e9pz\u00e9si Centrum \u00e9s tagint\u00e9zm\u00e9nyei<br \/>\nDebreceni Tanker\u00fclet \u00e9s K\u00f6zpont<br \/>\nKratochvil K\u00e1roly Honv\u00e9d K\u00f6z\u00e9piskola \u00e9s Koll\u00e9gium<\/div>\n<div style=\"clear: both;\"><\/div>\n","protected":false},"excerpt":{"rendered":"<p>H\u00e9tf\u0151t\u0151l vas\u00e1rnapig a kora d\u00e9lut\u00e1ni \u00e9s az esti \u00f3r\u00e1kt\u00f3l fix id\u0151pontokban t\u00f6bb egyes\u00fclet, csoport, k\u00f6z\u00f6ss\u00e9g haszn\u00e1lja tev\u00e9kenys\u00e9geire a termeinket. 87 csoport veszi ig\u00e9nybe k\u00fcl\u00f6n meg\u00e1llapod\u00e1s alapj\u00e1n az Ifj\u00fas\u00e1gi H\u00e1z bels\u0151 [&hellip;]<\/p>\n","protected":false},"author":1,"featured_media":0,"parent":0,"menu_order":0,"comment_status":"closed","ping_status":"closed","template":"","meta":[],"rttpg_featured_image_url":null,"rttpg_author":{"display_name":"GergelyZsolt","author_link":"https:\/\/ifihazdebrecen.hu\/?author=1"},"rttpg_comment":0,"rttpg_category":null,"rttpg_excerpt":"H\u00e9tf\u0151t\u0151l vas\u00e1rnapig a kora d\u00e9lut\u00e1ni \u00e9s az esti \u00f3r\u00e1kt\u00f3l fix id\u0151pontokban t\u00f6bb egyes\u00fclet, csoport, k\u00f6z\u00f6ss\u00e9g haszn\u00e1lja tev\u00e9kenys\u00e9geire a termeinket. 87 csoport veszi ig\u00e9nybe k\u00fcl\u00f6n meg\u00e1llapod\u00e1s alapj\u00e1n az Ifj\u00fas\u00e1gi H\u00e1z bels\u0151 [&hellip;]","_links":{"self":[{"href":"https:\/\/ifihazdebrecen.hu\/index.php?rest_route=\/wp\/v2\/pages\/18"}],"collection":[{"href":"https:\/\/ifihazdebrecen.hu\/index.php?rest_route=\/wp\/v2\/pages"}],"about":[{"href":"https:\/\/ifihazdebrecen.hu\/index.php?rest_route=\/wp\/v2\/types\/page"}],"author":[{"embeddable":true,"href":"https:\/\/ifihazdebrecen.hu\/index.php?rest_route=\/wp\/v2\/users\/1"}],"replies":[{"embeddable":true,"href":"https:\/\/ifihazdebrecen.hu\/index.php?rest_route=%2Fwp%2Fv2%2Fcomments&post=18"}],"version-history":[{"count":49,"href":"https:\/\/ifihazdebrecen.hu\/index.php?rest_route=\/wp\/v2\/pages\/18\/revisions"}],"predecessor-version":[{"id":723,"href":"https:\/\/ifihazdebrecen.hu\/index.php?rest_route=\/wp\/v2\/pages\/18\/revisions\/723"}],"wp:attachment":[{"href":"https:\/\/ifihazdebrecen.hu\/index.php?rest_route=%2Fwp%2Fv2%2Fmedia&parent=18"}],"curies":[{"name":"wp","href":"https:\/\/api.w.org\/{rel}","templated":true}]}}