{"id":302,"date":"2018-01-18T19:48:48","date_gmt":"2018-01-18T19:48:48","guid":{"rendered":"http:\/\/ifihazteszt.psprodukt.hu\/?page_id=302"},"modified":"2023-08-03T10:41:47","modified_gmt":"2023-08-03T10:41:47","slug":"kozerdeku-ceginformaciok","status":"publish","type":"page","link":"https:\/\/ifihazdebrecen.hu\/?page_id=302","title":{"rendered":"K\u00f6z\u00e9rdek\u0171 c\u00e9ginform\u00e1ci\u00f3k"},"content":{"rendered":"\n<p>Debreceni Ifj\u00fas\u00e1gi Szolg\u00e1ltat\u00f3 Nonprofit Korl\u00e1tolt Felel\u0151ss\u00e9g\u0171 T\u00e1rsas\u00e1g<br>4025 Debrecen, Simonffy utca 21.<br>AD\u00d3SZ\u00c1M:14175479-2-09<br>C\u00c9GJEGYZ\u00c9KSZ\u00c1M:09 09 014397<\/p>\n<h1 style=\"text-align: center;\">Besz\u00e1mol\u00f3 \u00e9s k\u00f6zhaszn\u00fas\u00e1gi jelent\u00e9s<\/h1>\n<p style=\"text-align: center; float: left;\"><a href=\"\/wp-content\/uploads\/2018\/01\/kozhasznusagi-jelentes-2008-ifjusagi-haz-debrecen1.pdf\" target=\"_blank\" rel=\"noopener noreferrer\">2008<\/a><\/p>\n<p style=\"text-align: center; float: left; margin-left: 30px;\"><a href=\"\/wp-content\/uploads\/2018\/01\/kozhasznusagi-jelentes-2009-ifjusagi-haz-debrecen1.pdf\" target=\"_blank\" rel=\"noopener noreferrer\">2009<\/a><\/p>\n<p style=\"text-align: center; float: left; margin-left: 30px;\"><a href=\"\/wp-content\/uploads\/2018\/01\/kozhasznusagi-jelentes-2010-ifjusagi-haz-debrecen1.pdf\" target=\"_blank\" rel=\"noopener noreferrer\">2010<\/a><\/p>\n<p style=\"text-align: center; float: left; margin-left: 30px;\"><a href=\"\/wp-content\/uploads\/2018\/05\/kh_2011.pdf\" target=\"_blank\" rel=\"noopener noreferrer\">2011<\/a><\/p>\n<p style=\"text-align: center; float: left; margin-left: 30px;\"><a href=\"\/wp-content\/uploads\/2018\/01\/kh_2012.pdf\" target=\"_blank\" rel=\"noopener noreferrer\">2012<\/a><\/p>\n<p style=\"text-align: center; float: left; margin-left: 30px;\"><a href=\"\/wp-content\/uploads\/2018\/05\/kh_2013.pdf\" target=\"_blank\" rel=\"noopener noreferrer\">2013<\/a><\/p>\n<p style=\"text-align: center; float: left; margin-left: 30px;\"><a href=\"\/wp-content\/uploads\/2018\/05\/kh_2014.pdf\" target=\"_blank\" rel=\"noopener noreferrer\">2014<\/a><\/p>\n<p style=\"text-align: center; float: left; margin-left: 30px;\"><a href=\"\/wp-content\/uploads\/2018\/05\/kh_2015.pdf\" target=\"_blank\" rel=\"noopener noreferrer\">2015<\/a><\/p>\n<p style=\"text-align: center; float: left; margin-left: 30px;\"><a href=\"\/wp-content\/uploads\/2018\/05\/kh_2016.pdf\" target=\"_blank\" rel=\"noopener noreferrer\">2016<\/a><\/p>\n<p style=\"text-align: center; float: left; margin-left: 30px;\"><a href=\"\/wp-content\/uploads\/2018\/05\/kh_2017.pdf\" target=\"_blank\" rel=\"noopener noreferrer\">2017<\/a><\/p>\n<p style=\"text-align: center; float: left; margin-left: 30px;\"><a href=\"\/wp-content\/uploads\/2019\/05\/kh_2018.pdf\" target=\"_blank\" rel=\"noopener noreferrer\">2018<\/a><\/p>\n<p style=\"text-align: center; float: left; margin-left: 30px;\"><a href=\"\/wp-content\/uploads\/2020\/09\/kh_2019.pdf\" target=\"_blank\" rel=\"noopener noreferrer\">2019<\/a><\/p>\n<p style=\"text-align: center; float: left; margin-left: 30px;\"><a href=\"https:\/\/ifihazdebrecen.hu\/?page_id=1271\" target=\"_blank\" rel=\"noopener noreferrer\">2020<\/a><\/p>\n<p>&nbsp;<\/p>\n<h1>&nbsp;<\/h1>\n<h1 style=\"text-align: center;\">K\u00f6zz\u00e9t\u00e9teli k\u00f6telezetts\u00e9g<\/h1>\n<p style=\"text-align: center; float: left; margin-left: 30px;\"><a href=\"\/wp-content\/uploads\/2018\/05\/kt_2009.pdf\" target=\"_blank\" rel=\"noopener noreferrer\">2009<\/a><\/p>\n<p style=\"text-align: center; float: left; margin-left: 30px;\"><a href=\"\/wp-content\/uploads\/2018\/05\/kt_2010.pdf\" target=\"_blank\" rel=\"noopener noreferrer\">2010<\/a><\/p>\n<p style=\"text-align: center; float: left; margin-left: 30px;\"><a href=\"\/wp-content\/uploads\/2018\/05\/kt_2011.pdf\" target=\"_blank\" rel=\"noopener noreferrer\">2011<\/a><\/p>\n<p style=\"text-align: center; float: left; margin-left: 30px;\"><a href=\"\/wp-content\/uploads\/2018\/05\/kt_2012.pdf\" target=\"_blank\" rel=\"noopener noreferrer\">2012<\/a><\/p>\n<p style=\"text-align: center; float: left; margin-left: 30px;\"><a href=\"\/wp-content\/uploads\/2018\/05\/kt_2013.pdf\" target=\"_blank\" rel=\"noopener noreferrer\">2013<\/a><\/p>\n<p style=\"text-align: center; float: left; margin-left: 30px;\"><a href=\"\/wp-content\/uploads\/2018\/05\/kt_2014.pdf\" target=\"_blank\" rel=\"noopener noreferrer\">2014<\/a><\/p>\n<p style=\"text-align: center; float: left; margin-left: 30px;\"><a href=\"\/wp-content\/uploads\/2018\/05\/kt_2015.pdf\" target=\"_blank\" rel=\"noopener noreferrer\">2015<\/a><\/p>\n<p style=\"text-align: center; float: left; margin-left: 30px;\"><a href=\"\/wp-content\/uploads\/2018\/05\/kt_2016.pdf\" target=\"_blank\" rel=\"noopener noreferrer\">2016<\/a><\/p>\n<p style=\"text-align: center; float: left; margin-left: 30px;\"><a href=\"\/wp-content\/uploads\/2018\/05\/kt_2017-1.pdf\" target=\"_blank\" rel=\"noopener noreferrer\">2017<\/a><\/p>\n<p style=\"text-align: center; float: left; margin-left: 30px;\"><a href=\"\/wp-content\/uploads\/2019\/06\/kkt_2018.pdf\" target=\"_blank\" rel=\"noopener noreferrer\">2018<\/a><\/p>\n<p style=\"text-align: center; float: left; margin-left: 30px;\"><a href=\"\/wp-content\/uploads\/2019\/06\/kkt_2019.pdf\" target=\"_blank\" rel=\"noopener noreferrer\">2019<\/a><\/p>\n<p style=\"text-align: center; float: left; margin-left: 30px;\"><a href=\"\/wp-content\/uploads\/2020\/04\/kkt_2020.pdf\" target=\"_blank\" rel=\"noopener noreferrer\">2020<\/a><\/p>\n<p style=\"text-align: center; float: left; margin-left: 30px;\"><a href=\"\/wp-content\/uploads\/2020\/04\/A-4592016_szamu-Korm\u00e1nyrendeletben-foglaltak-szerint-k\u00f6t\u00f6tt-szerz\u0151d\u00e9sek-2020.pdf\" target=\"_blank\" rel=\"noopener noreferrer\">A 459\/2016. Korm\u00e1nyrendeletben foglaltak szerint k\u00f6t\u00f6tt szerz\u0151d\u00e9sek 2020-ban<\/a><\/p>\n<br><br>\n<h1 style=\"text-align: center;\">OSAP jelent\u00e9sek<\/h1>\n<p style=\"text-align: center; float: left; margin-left: 30px;\"><a href=\"https:\/\/ifihazdebrecen.hu\/wp-content\/uploads\/2023\/07\/2020.-evi-Debreceni-Ifjusagi-Nonprofit-kft.-1438-statisztika.pdf\" target=\"_blank\" rel=\"noopener noreferrer\">2020<\/a><\/p>\n<p style=\"text-align: center; float: left; margin-left: 30px;\"><a href=\"https:\/\/ifihazdebrecen.hu\/wp-content\/uploads\/2023\/07\/2019.-evi-Debreceni-Ifjusagi-Nonprofit-Kft.-1438-statisztika.pdf\" target=\"_blank\" rel=\"noopener noreferrer\">2019<\/a><\/p>\n<p style=\"text-align: center; float: left; margin-left: 30px;\"><a href=\"https:\/\/ifihazdebrecen.hu\/wp-content\/uploads\/2023\/07\/2018.-evi-Debreceni-Ifjusagi-Nonprofit-Kft.-1438-statisztika.pdf\" target=\"_blank\" rel=\"noopener noreferrer\">2018<\/a><\/p>\n<br><br>\n<h1 style=\"text-align: center;\">Egy\u00e9b<\/h1>\n<p style=\"text-align: center; float: left; margin-left: 30px;\"><a href=\"https:\/\/ifihazdebrecen.hu\/wp-content\/uploads\/2023\/08\/1156-statisztikai-jelentes-2019..pdf\" target=\"_blank\" rel=\"noopener noreferrer\">1156 statisztikai jelent\u00e9s 2019.<\/a><\/p>\n<p style=\"text-align: center; float: left; margin-left: 30px;\"><a href=\"https:\/\/ifihazdebrecen.hu\/wp-content\/uploads\/2023\/08\/1156-staisztikai-jelenetes-2018..pdf\" target=\"_blank\" rel=\"noopener noreferrer\">1156 statisztikai jelent\u00e9s 2018.<\/a><\/p>\n<p style=\"text-align: center; float: left; margin-left: 30px;\"><a href=\"https:\/\/ifihazdebrecen.hu\/wp-content\/uploads\/2023\/08\/1156-statisztikai-jelentes-2017..pdf\" target=\"_blank\" rel=\"noopener noreferrer\">1156 statisztikai jelent\u00e9s 2017.<\/a><\/p>\n\n\n\n<p><\/p>\n","protected":false},"excerpt":{"rendered":"<p>Debreceni Ifj\u00fas\u00e1gi Szolg\u00e1ltat\u00f3 Nonprofit Korl\u00e1tolt Felel\u0151ss\u00e9g\u0171 T\u00e1rsas\u00e1g4025 Debrecen, Simonffy utca 21.AD\u00d3SZ\u00c1M:14175479-2-09C\u00c9GJEGYZ\u00c9KSZ\u00c1M:09 09 014397 Besz\u00e1mol\u00f3 \u00e9s k\u00f6zhaszn\u00fas\u00e1gi jelent\u00e9s 2008 2009 2010 2011 2012 2013 2014 2015 2016 2017 2018 2019 2020 [&hellip;]<\/p>\n","protected":false},"author":1,"featured_media":0,"parent":0,"menu_order":0,"comment_status":"closed","ping_status":"closed","template":"","meta":[],"rttpg_featured_image_url":null,"rttpg_author":{"display_name":"GergelyZsolt","author_link":"https:\/\/ifihazdebrecen.hu\/?author=1"},"rttpg_comment":0,"rttpg_category":null,"rttpg_excerpt":"Debreceni Ifj\u00fas\u00e1gi Szolg\u00e1ltat\u00f3 Nonprofit Korl\u00e1tolt Felel\u0151ss\u00e9g\u0171 T\u00e1rsas\u00e1g4025 Debrecen, Simonffy utca 21.AD\u00d3SZ\u00c1M:14175479-2-09C\u00c9GJEGYZ\u00c9KSZ\u00c1M:09 09 014397 Besz\u00e1mol\u00f3 \u00e9s k\u00f6zhaszn\u00fas\u00e1gi jelent\u00e9s 2008 2009 2010 2011 2012 2013 2014 2015 2016 2017 2018 2019 2020 [&hellip;]","_links":{"self":[{"href":"https:\/\/ifihazdebrecen.hu\/index.php?rest_route=\/wp\/v2\/pages\/302"}],"collection":[{"href":"https:\/\/ifihazdebrecen.hu\/index.php?rest_route=\/wp\/v2\/pages"}],"about":[{"href":"https:\/\/ifihazdebrecen.hu\/index.php?rest_route=\/wp\/v2\/types\/page"}],"author":[{"embeddable":true,"href":"https:\/\/ifihazdebrecen.hu\/index.php?rest_route=\/wp\/v2\/users\/1"}],"replies":[{"embeddable":true,"href":"https:\/\/ifihazdebrecen.hu\/index.php?rest_route=%2Fwp%2Fv2%2Fcomments&post=302"}],"version-history":[{"count":35,"href":"https:\/\/ifihazdebrecen.hu\/index.php?rest_route=\/wp\/v2\/pages\/302\/revisions"}],"predecessor-version":[{"id":1301,"href":"https:\/\/ifihazdebrecen.hu\/index.php?rest_route=\/wp\/v2\/pages\/302\/revisions\/1301"}],"wp:attachment":[{"href":"https:\/\/ifihazdebrecen.hu\/index.php?rest_route=%2Fwp%2Fv2%2Fmedia&parent=302"}],"curies":[{"name":"wp","href":"https:\/\/api.w.org\/{rel}","templated":true}]}}