{"id":425,"date":"2018-02-05T06:56:05","date_gmt":"2018-02-05T06:56:05","guid":{"rendered":"http:\/\/ifihazdebrecen.hu\/?page_id=425"},"modified":"2024-01-17T12:33:32","modified_gmt":"2024-01-17T12:33:32","slug":"sheldons","status":"publish","type":"page","link":"https:\/\/ifihazdebrecen.hu\/?page_id=425","title":{"rendered":"Sheldon&#8217;s"},"content":{"rendered":"<h3><img class=\"alignright size-full wp-image-437\" src=\"http:\/\/ifihazdebrecen.hu\/wp-content\/uploads\/2018\/02\/sheldonspult2-e1517820473307.jpg\" alt=\"\" width=\"600\" height=\"400\" \/>A n\u00e9v<\/h3>\n<p>El\u0151sz\u00f6r is, mi\u00e9rt Sheldon&#8217;s? A v\u00e1lasz egy film sorozat &#8220;Big Bang Theory&#8221;. A sorozat f\u0151h\u0151sei, pont azoknak a sz\u00f3rakoz\u00e1soknak h\u00f3dolnak amik a hely f\u0151 profilj\u00e1t k\u00e9pezik.<\/p>\n<h3>A t\u00f6rt\u00e9net<\/h3>\n<p>Bar\u00e1ti k\u00f6rben az itt tervezett j\u00e1t\u00e9kokat m\u00e1r mi is heti rendszeress\u00e9ggel \u0171zt\u00fck az otthoni lehet\u0151s\u00e9gekbe beszor\u00edtva, ez\u00e9rt megvan a konkr\u00e9t elk\u00e9pzel\u00e9s mire is keresn\u00e9nk helyet. \u00dagy voltunk vele majd egyszer egy messzi messzi galaxisban megval\u00f3s\u00edtjuk valahogy.<\/p>\n<div class=\"one_column\"><img class=\"alignleft size-full wp-image-450\" src=\"http:\/\/ifihazdebrecen.hu\/wp-content\/uploads\/2018\/02\/kartya-e1517821747808.jpg\" alt=\"\" width=\"600\" height=\"400\" \/><br \/>\n\u00c9s akkor v\u00e1ratlanul (2017. febru\u00e1r 28.) megl\u00e1ttuk a p\u00e1ly\u00e1zat ki\u00edr\u00e1s\u00e1t a Debreceni Ifj\u00fas\u00e1gi h\u00e1znak, hogy a B\u00fcf\u00e9re keressenek \u00fczemeltet\u0151t. Sors keze&#8230; Egy hely, ahol megvan a megfelel\u0151 t\u00e9r, lehet\u0151s\u00e9g, \u00e9s legf\u0151k\u00e9ppen sz\u00e1nd\u00e9k egy olyan ifj\u00fas\u00e1gi t\u00e9r kialak\u00edt\u00e1s\u00e1ra, ahol a fiatalok a szok\u00e1sos sz\u00f3rakoz\u00f3helyekt\u0151l elt\u00e9r\u0151en, otthonr\u00f3l kimozdulva olyan j\u00e1t\u00e9kokkal j\u00e1tszanak nagyobb bar\u00e1ti k\u00f6rben, amire otthon nincs el\u00e9g hely, vagy eszk\u00f6z. (vagy csak nincs kedved takar\u00edtani \ud83d\ude42 ) Saj\u00e1t tapasztalataink alapj\u00e1n \u00fagy akarjuk kialak\u00edtani, ahova mi is sz\u00edvesen j\u00e1rn\u00e1nk, j\u00e1runk. \u00c9s ehhez sz\u00edvesen fogadunk minden j\u00f3 tan\u00e1csot \u00f6tletet.<br \/>\n(B\u00e1tran jelezd ha b\u00e1rmilyen \u00f6tlettel v\u00e9lem\u00e9nnyel hozz\u00e1j\u00e1ruln\u00e1l a tov\u00e1bbi fejleszt\u00e9shez)<\/div>\n<div class=\"one_column\">\n<p><img class=\"size-full wp-image-439 alignright\" src=\"http:\/\/ifihazdebrecen.hu\/wp-content\/uploads\/2018\/02\/bartha-e1517820805834.jpg\" alt=\"\" width=\"600\" height=\"400\" \/><\/p>\n<h3>Az \u00f6tlet<\/h3>\n<p>Egy hely ahol:<\/p>\n<ul>\n<li>Lehet t\u00e1rsasj\u00e1t\u00e9kozni nagyobb csapatban k\u00e9nyelmesen, van t\u00e1rsasj\u00e1t\u00e9k v\u00e1laszt\u00e9k, nem kell otthonra felv\u00e1s\u00e1rolni a f\u00e9l j\u00e1t\u00e9kboltot mire megtal\u00e1lod az igazit.<\/li>\n<li>Lehet PS4\/Xbox\/Pc j\u00e1t\u00e9kokkal j\u00e1tszani csapatban egy helyen, kivet\u00edt\u0151n nagyban k\u00e9nyelmesen.<\/li>\n<li>Lehet szerepj\u00e1t\u00e9kokat j\u00e1tszani, \u00e9s ez\u00e9rt nem n\u00e9znek ki a helyr\u0151l, vannak sz\u00fcks\u00e9ges kieg\u00e9sz\u00edt\u0151k, nem kell magammal cipelni. (kock\u00e1k, dob\u00f3tornyok, k\u00f6nyvek, karakterlapok)<\/li>\n<li>Vannak h\u00e1zi versenyek mindezekb\u0151l<\/li>\n<li>Vannak rendszeres rendezv\u00e9nyek, koncertek<\/li>\n<li>Van b\u00e9relhet\u0151 hely, saj\u00e1t rendezv\u00e9nyekre, j\u00e1t\u00e9kokra, klub\u00e9letre, bankettekre<\/li>\n<\/ul>\n<p>\u00c9s mindezeket jelk\u00e9pes \u00e1ron, kiszolg\u00e1l\u00e1s mellett, megfizethet\u0151 ital\u00e1rakkal.<\/p>\n<\/div>\n<p><iframe style=\"border: none; overflow: hidden;\" src=\"https:\/\/www.facebook.com\/plugins\/video.php?href=https%3A%2F%2Fwww.facebook.com%2Fdebrecensheldons%2Fvideos%2F439266099781066%2F&amp;show_text=0&amp;width=560\" width=\"100%\" height=\"526\" frameborder=\"0\" scrolling=\"no\" allowfullscreen=\"allowfullscreen\"><\/iframe><\/p>\n<div class=\"csik\"><\/div>\n<div class=\"two_columns_l\">\n<h3>Nyitvatart\u00e1s:<\/h3>\n<p>H\u00e9tf\u0151 16:00-23:59<br \/>\nKedd 16:00-23:59<br \/>\nSzerda 16:00-23:59<br \/>\nCs\u00fct\u00f6rt\u00f6k 16:00-23:59<br \/>\nP\u00e9ntek 16:00-23:59<br \/>\nSzombat 16:00-23:59<br \/>\nVas\u00e1rnap Z\u00c1RVA<\/p>\n<\/div>\n<div class=\"two_columns_r\">\n<h3>El\u00e9rhet\u0151s\u00e9gek:<\/h3>\n<p>email: info@sheldons.hu<br \/>\ntelefon: (30) 688 9022<br \/>\nC\u00edm: 4025 Debrecen, Simonffy u. 21.<br \/>\nWeb: <a href=\"http:\/\/www.sheldons.hu\" target=\"_blank\" rel=\"noopener\">www.sheldons.hu<\/a><br \/>\n<a href=\"https:\/\/www.facebook.com\/debrecensheldons\/\" target=\"_blank\" rel=\"noopener\"><img class=\"aligncenter wp-image-364 size-full\" style=\"width: 147px; height: auto;\" src=\"http:\/\/ifihazdebrecen.hu\/wp-content\/uploads\/2018\/01\/fb-e1517230385320.jpg\" alt=\"\" width=\"300\" height=\"113\" \/><\/a><\/p>\n<\/div>\n","protected":false},"excerpt":{"rendered":"<p>A n\u00e9v El\u0151sz\u00f6r is, mi\u00e9rt Sheldon&#8217;s? A v\u00e1lasz egy film sorozat &#8220;Big Bang Theory&#8221;. A sorozat f\u0151h\u0151sei, pont azoknak a sz\u00f3rakoz\u00e1soknak h\u00f3dolnak amik a hely f\u0151 profilj\u00e1t k\u00e9pezik. A t\u00f6rt\u00e9net [&hellip;]<\/p>\n","protected":false},"author":1,"featured_media":429,"parent":0,"menu_order":0,"comment_status":"closed","ping_status":"closed","template":"","meta":[],"rttpg_featured_image_url":{"full":["https:\/\/ifihazdebrecen.hu\/wp-content\/uploads\/2018\/02\/sheldons_white.png",844,200,false],"landscape":["https:\/\/ifihazdebrecen.hu\/wp-content\/uploads\/2018\/02\/sheldons_white.png",844,200,false],"portraits":["https:\/\/ifihazdebrecen.hu\/wp-content\/uploads\/2018\/02\/sheldons_white.png",844,200,false],"thumbnail":["https:\/\/ifihazdebrecen.hu\/wp-content\/uploads\/2018\/02\/sheldons_white-150x150.png",150,150,true],"medium":["https:\/\/ifihazdebrecen.hu\/wp-content\/uploads\/2018\/02\/sheldons_white-300x71.png",300,71,true],"large":["https:\/\/ifihazdebrecen.hu\/wp-content\/uploads\/2018\/02\/sheldons_white.png",640,152,false],"1536x1536":["https:\/\/ifihazdebrecen.hu\/wp-content\/uploads\/2018\/02\/sheldons_white.png",844,200,false],"2048x2048":["https:\/\/ifihazdebrecen.hu\/wp-content\/uploads\/2018\/02\/sheldons_white.png",844,200,false],"alm-thumbnail":["https:\/\/ifihazdebrecen.hu\/wp-content\/uploads\/2018\/02\/sheldons_white-150x150.png",150,150,true]},"rttpg_author":{"display_name":"GergelyZsolt","author_link":"https:\/\/ifihazdebrecen.hu\/?author=1"},"rttpg_comment":0,"rttpg_category":null,"rttpg_excerpt":"A n\u00e9v El\u0151sz\u00f6r is, mi\u00e9rt Sheldon&#8217;s? A v\u00e1lasz egy film sorozat &#8220;Big Bang Theory&#8221;. A sorozat f\u0151h\u0151sei, pont azoknak a sz\u00f3rakoz\u00e1soknak h\u00f3dolnak amik a hely f\u0151 profilj\u00e1t k\u00e9pezik. A t\u00f6rt\u00e9net [&hellip;]","_links":{"self":[{"href":"https:\/\/ifihazdebrecen.hu\/index.php?rest_route=\/wp\/v2\/pages\/425"}],"collection":[{"href":"https:\/\/ifihazdebrecen.hu\/index.php?rest_route=\/wp\/v2\/pages"}],"about":[{"href":"https:\/\/ifihazdebrecen.hu\/index.php?rest_route=\/wp\/v2\/types\/page"}],"author":[{"embeddable":true,"href":"https:\/\/ifihazdebrecen.hu\/index.php?rest_route=\/wp\/v2\/users\/1"}],"replies":[{"embeddable":true,"href":"https:\/\/ifihazdebrecen.hu\/index.php?rest_route=%2Fwp%2Fv2%2Fcomments&post=425"}],"version-history":[{"count":34,"href":"https:\/\/ifihazdebrecen.hu\/index.php?rest_route=\/wp\/v2\/pages\/425\/revisions"}],"predecessor-version":[{"id":1306,"href":"https:\/\/ifihazdebrecen.hu\/index.php?rest_route=\/wp\/v2\/pages\/425\/revisions\/1306"}],"wp:featuredmedia":[{"embeddable":true,"href":"https:\/\/ifihazdebrecen.hu\/index.php?rest_route=\/wp\/v2\/media\/429"}],"wp:attachment":[{"href":"https:\/\/ifihazdebrecen.hu\/index.php?rest_route=%2Fwp%2Fv2%2Fmedia&parent=425"}],"curies":[{"name":"wp","href":"https:\/\/api.w.org\/{rel}","templated":true}]}}