{"id":73,"date":"2017-11-08T16:47:18","date_gmt":"2017-11-08T16:47:18","guid":{"rendered":"http:\/\/clld-debrecen.hu\/teszt\/?page_id=73"},"modified":"2020-09-07T08:44:35","modified_gmt":"2020-09-07T08:44:35","slug":"kapcsolat","status":"publish","type":"page","link":"https:\/\/ifihazdebrecen.hu\/?page_id=73","title":{"rendered":"Kapcsolat"},"content":{"rendered":"<div class=\"one_column\" style=\"text-align: center;\">\n\n\t\t<style type=\"text\/css\">\n\t\t\t#gallery-1 {\n\t\t\t\tmargin: auto;\n\t\t\t}\n\t\t\t#gallery-1 .gallery-item {\n\t\t\t\tfloat: left;\n\t\t\t\tmargin-top: 10px;\n\t\t\t\ttext-align: center;\n\t\t\t\twidth: 50%;\n\t\t\t}\n\t\t\t#gallery-1 img {\n\t\t\t\tborder: 2px solid #cfcfcf;\n\t\t\t}\n\t\t\t#gallery-1 .gallery-caption {\n\t\t\t\tmargin-left: 0;\n\t\t\t}\n\t\t\t\/* see gallery_shortcode() in wp-includes\/media.php *\/\n\t\t<\/style>\n\t\t<div id='gallery-1' class='gallery galleryid-73 gallery-columns-2 gallery-size-full'><dl class='gallery-item'>\n\t\t\t<dt class='gallery-icon landscape'>\n\t\t\t\t<img width=\"640\" height=\"621\" src=\"https:\/\/ifihazdebrecen.hu\/wp-content\/uploads\/2020\/09\/hj_2020.png\" class=\"attachment-full size-full\" alt=\"\" aria-describedby=\"gallery-1-1093\" \/>\n\t\t\t<\/dt>\n\t\t\t\t<dd class='wp-caption-text gallery-caption' id='gallery-1-1093'>\n\t\t\t\t<div class=\"nev_titulus\"><span class=\"nev\">Hal\u00e1sz D. J\u00e1nos<\/span><br\/><span class=\"titulus\">\u00fcgyvezet\u0151<\/span><\/div><div class=\"elerhetosegek\">Tel.: +36 (20) 549-0341<br\/>Email: halasz.d.janos@ifihazdebrecen.hu<\/div>\n\t\t\t\t<\/dd><\/dl><dl class='gallery-item'>\n\t\t\t<dt class='gallery-icon landscape'>\n\t\t\t\t<img width=\"466\" height=\"464\" src=\"https:\/\/ifihazdebrecen.hu\/wp-content\/uploads\/2018\/01\/ei.png\" class=\"attachment-full size-full\" alt=\"\" aria-describedby=\"gallery-1-261\" \/>\n\t\t\t<\/dt>\n\t\t\t\t<dd class='wp-caption-text gallery-caption' id='gallery-1-261'>\n\t\t\t\t<div class=\"nev_titulus\"><span class=\"nev\">Enyedi Imre<\/span><br\/><span class=\"titulus\">projekt szakmai vezet\u0151, p\u00e1ly\u00e1zati- \u00e9s k\u00fclkapcsolati munkat\u00e1rs<\/span><\/div><div class=\"elerhetosegek\">Tel.: +36 (30) 465-1022<br\/>Email: enyedi.imre@ifihazdebrecen.hu<\/div>\n\t\t\t\t<\/dd><\/dl><br style=\"clear: both\" \/><dl class='gallery-item'>\n\t\t\t<dt class='gallery-icon landscape'>\n\t\t\t\t<img width=\"466\" height=\"464\" src=\"https:\/\/ifihazdebrecen.hu\/wp-content\/uploads\/2018\/01\/lm.png\" class=\"attachment-full size-full\" alt=\"\" aria-describedby=\"gallery-1-259\" \/>\n\t\t\t<\/dt>\n\t\t\t\t<dd class='wp-caption-text gallery-caption' id='gallery-1-259'>\n\t\t\t\t<div class=\"nev_titulus\"><span class=\"nev\">L\u00e9k\u00f3n\u00e9 Magdi<\/span><br\/><span class=\"titulus\">gazdas\u00e1gi referens<\/span><\/div><div class=\"elerhetosegek\">Tel.: +36 (52) 426-432<br\/>Email: lekone@ifihazdebrecen.hu<\/div>\n\t\t\t\t<\/dd><\/dl><dl class='gallery-item'>\n\t\t\t<dt class='gallery-icon landscape'>\n\t\t\t\t<img width=\"466\" height=\"464\" src=\"https:\/\/ifihazdebrecen.hu\/wp-content\/uploads\/2018\/01\/kzs.png\" class=\"attachment-full size-full\" alt=\"\" aria-describedby=\"gallery-1-258\" \/>\n\t\t\t<\/dt>\n\t\t\t\t<dd class='wp-caption-text gallery-caption' id='gallery-1-258'>\n\t\t\t\t<div class=\"nev_titulus\"><span class=\"nev\">\tKapi L\u00e1szl\u00f3n\u00e9 Zsuzsa<\/span><br\/><span class=\"titulus\">szakmai vezet\u0151 \u2013 vezet\u0151 programszervez\u0151<\/span><\/div><div class=\"elerhetosegek\">Tel.: +36 (30) 459-9220<br\/>Email: kapine.zsuzsa@ifihazdebrecen.hu<\/div>\n\t\t\t\t<\/dd><\/dl><br style=\"clear: both\" \/><dl class='gallery-item'>\n\t\t\t<dt class='gallery-icon landscape'>\n\t\t\t\t<img width=\"466\" height=\"464\" src=\"https:\/\/ifihazdebrecen.hu\/wp-content\/uploads\/2017\/11\/mg.png\" class=\"attachment-full size-full\" alt=\"\" aria-describedby=\"gallery-1-474\" \/>\n\t\t\t<\/dt>\n\t\t\t\t<dd class='wp-caption-text gallery-caption' id='gallery-1-474'>\n\t\t\t\t<div class=\"nev_titulus\"><span class=\"nev\">Meszner Gabriella<\/span><br\/><span class=\"titulus\">KEF koordin\u00e1tor<\/span><\/div><div class=\"elerhetosegek\">Tel.: +36 (30) 465-1045<br\/>Email: csomopontiroda@gmail.com<\/div>\n\t\t\t\t<\/dd><\/dl><dl class='gallery-item'>\n\t\t\t<dt class='gallery-icon landscape'>\n\t\t\t\t<img width=\"466\" height=\"464\" src=\"https:\/\/ifihazdebrecen.hu\/wp-content\/uploads\/2017\/11\/nn.png\" class=\"attachment-full size-full\" alt=\"\" aria-describedby=\"gallery-1-475\" \/>\n\t\t\t<\/dt>\n\t\t\t\t<dd class='wp-caption-text gallery-caption' id='gallery-1-475'>\n\t\t\t\t<div class=\"nev_titulus\"><span class=\"nev\">Nagy N\u00e1ndor<\/span><br\/><span class=\"titulus\">technikus<\/span><\/div><div class=\"elerhetosegek\">Tel.: +36 (30) 446-7192<br\/>Email: nagy.nandor@ifihazdebrecen.hu<\/div>\n\t\t\t\t<\/dd><\/dl><br style=\"clear: both\" \/><dl class='gallery-item'>\n\t\t\t<dt class='gallery-icon landscape'>\n\t\t\t\t<img width=\"640\" height=\"621\" src=\"https:\/\/ifihazdebrecen.hu\/wp-content\/uploads\/2020\/09\/sd_2020.png\" class=\"attachment-full size-full\" alt=\"\" aria-describedby=\"gallery-1-1095\" \/>\n\t\t\t<\/dt>\n\t\t\t\t<dd class='wp-caption-text gallery-caption' id='gallery-1-1095'>\n\t\t\t\t<div class=\"nev_titulus\"><span class=\"nev\">Solt\u00e9sz Dol\u00f3resz<\/span><br\/><span class=\"titulus\">program \u00e9s k\u00f6z\u00f6ns\u00e9gszervez\u0151<\/span><\/div><div class=\"elerhetosegek\">Tel.: +36 (30) 163 2466<br\/>Email: soltesz.doloresz@ifihazdebrecen.hu<\/div>\n\t\t\t\t<\/dd><\/dl><dl class='gallery-item'>\n\t\t\t<dt class='gallery-icon landscape'>\n\t\t\t\t<img width=\"640\" height=\"621\" src=\"https:\/\/ifihazdebrecen.hu\/wp-content\/uploads\/2020\/09\/hk_2020.png\" class=\"attachment-full size-full\" alt=\"\" aria-describedby=\"gallery-1-1096\" \/>\n\t\t\t<\/dt>\n\t\t\t\t<dd class='wp-caption-text gallery-caption' id='gallery-1-1096'>\n\t\t\t\t<div class=\"nev_titulus\"><span class=\"nev\">T\u00f3thn\u00e9 Harcos Kitti<\/span><br\/><span class=\"titulus\">program \u00e9s k\u00f6z\u00f6ns\u00e9gszervez\u0151<\/span><\/div><div class=\"elerhetosegek\">Tel.: +36 (30) 462 6029<br\/>Email: harcos.kitti@ifihazdebrecen.hu<\/div>\n\t\t\t\t<\/dd><\/dl><br style=\"clear: both\" \/>\n\t\t<\/div>\n\n<\/div>\n<div style=\"text-align: center;\"><\/div>\n<div class=\"one_column\" style=\"text-align: center;\">\n<h3>Irod\u00e1nk el\u00e9rhet\u0151s\u00e9ge:<\/h3>\n<p>C\u00edm: 4025 Debrecen, Simonffy utca 21.<br \/>\nTel.: +36 (52) 415-498<br \/>\nEmail: info@ifihazdebrecen.hu<\/p>\n<\/div>\n<div class=\"csik\"><\/div>\n<div class=\"two_columns_l\">\n<h3>A h\u00e1z nyitvatart\u00e1sa:<\/h3>\n<p>H\u00e9tf\u0151: 9:00-21:00<br \/>\nKedd: 9:00-21:00<br \/>\nSzerda: 9:00-21:00<br \/>\nCs\u00fct\u00f6rt\u00f6k: 9:00-21:00<br \/>\nP\u00e9ntek: 9:00-21:00<\/p>\n<p>Szombat: 10:00-18:00<\/p>\n<p>Vas\u00e1rnap: 10:00-18:00<\/p>\n<h3>A Gal\u00e9ria k\u00f6z\u00f6ss\u00e9gi t\u00e9r nyitvatart\u00e1sa:<\/h3>\n<p>H\u00e9tf\u0151: 16:00-23:00<br \/>\nKedd: 16:00-23:00<br \/>\nSzerda: 16:00-23:00<br \/>\nCs\u00fct\u00f6rt\u00f6k: 16:00-23:00<br \/>\nP\u00e9ntek: 16:00-23:00<br \/>\nSzombat: 16:00-23:00<br \/>\nVas\u00e1rnap: Z\u00e1rva<\/p>\n<\/div>\n<div class=\"two_columns_r\">\n<h3>Szem\u00e9lyes \u00fcgyf\u00e9lszolg\u00e1lat:<\/h3>\n<p>H\u00e9tf\u0151: 9:00-17:00<br \/>\nKedd: 9:00-17:00<br \/>\nSzerda: 9:00-17:00<br \/>\nCs\u00fct\u00f6rt\u00f6k: 9:00-17:00<br \/>\nP\u00e9ntek: 9:00-16:00<br \/>\nSzombaton \u00e9s vas\u00e1rnap a szem\u00e9lyes<br \/>\n\u00fcgyf\u00e9lszolg\u00e1lat sz\u00fcnetel<\/p>\n<\/div>\n<div id=\"map\"><\/div>\n","protected":false},"excerpt":{"rendered":"<p>Irod\u00e1nk el\u00e9rhet\u0151s\u00e9ge: C\u00edm: 4025 Debrecen, Simonffy utca 21. Tel.: +36 (52) 415-498 Email: info@ifihazdebrecen.hu A h\u00e1z nyitvatart\u00e1sa: H\u00e9tf\u0151: 9:00-21:00 Kedd: 9:00-21:00 Szerda: 9:00-21:00 Cs\u00fct\u00f6rt\u00f6k: 9:00-21:00 P\u00e9ntek: 9:00-21:00 Szombat: 10:00-18:00 Vas\u00e1rnap: [&hellip;]<\/p>\n","protected":false},"author":1,"featured_media":0,"parent":0,"menu_order":0,"comment_status":"closed","ping_status":"closed","template":"","meta":[],"rttpg_featured_image_url":null,"rttpg_author":{"display_name":"GergelyZsolt","author_link":"https:\/\/ifihazdebrecen.hu\/?author=1"},"rttpg_comment":0,"rttpg_category":null,"rttpg_excerpt":"Irod\u00e1nk el\u00e9rhet\u0151s\u00e9ge: C\u00edm: 4025 Debrecen, Simonffy utca 21. Tel.: +36 (52) 415-498 Email: info@ifihazdebrecen.hu A h\u00e1z nyitvatart\u00e1sa: H\u00e9tf\u0151: 9:00-21:00 Kedd: 9:00-21:00 Szerda: 9:00-21:00 Cs\u00fct\u00f6rt\u00f6k: 9:00-21:00 P\u00e9ntek: 9:00-21:00 Szombat: 10:00-18:00 Vas\u00e1rnap: [&hellip;]","_links":{"self":[{"href":"https:\/\/ifihazdebrecen.hu\/index.php?rest_route=\/wp\/v2\/pages\/73"}],"collection":[{"href":"https:\/\/ifihazdebrecen.hu\/index.php?rest_route=\/wp\/v2\/pages"}],"about":[{"href":"https:\/\/ifihazdebrecen.hu\/index.php?rest_route=\/wp\/v2\/types\/page"}],"author":[{"embeddable":true,"href":"https:\/\/ifihazdebrecen.hu\/index.php?rest_route=\/wp\/v2\/users\/1"}],"replies":[{"embeddable":true,"href":"https:\/\/ifihazdebrecen.hu\/index.php?rest_route=%2Fwp%2Fv2%2Fcomments&post=73"}],"version-history":[{"count":35,"href":"https:\/\/ifihazdebrecen.hu\/index.php?rest_route=\/wp\/v2\/pages\/73\/revisions"}],"predecessor-version":[{"id":1097,"href":"https:\/\/ifihazdebrecen.hu\/index.php?rest_route=\/wp\/v2\/pages\/73\/revisions\/1097"}],"wp:attachment":[{"href":"https:\/\/ifihazdebrecen.hu\/index.php?rest_route=%2Fwp%2Fv2%2Fmedia&parent=73"}],"curies":[{"name":"wp","href":"https:\/\/api.w.org\/{rel}","templated":true}]}}